{"id":33,"date":"2025-09-22T13:40:13","date_gmt":"2025-09-22T17:40:13","guid":{"rendered":"https:\/\/plaisirspleinair.ca\/lanatureentete\/?page_id=33"},"modified":"2026-03-27T10:29:01","modified_gmt":"2026-03-27T14:29:01","slug":"reglements-du-concours","status":"publish","type":"page","link":"https:\/\/plaisirspleinair.ca\/lanatureentete\/concours\/reglements-du-concours\/","title":{"rendered":"R\u00e8glements du concours"},"content":{"rendered":"\t\t<div data-elementor-type=\"wp-page\" data-elementor-id=\"33\" class=\"elementor elementor-33\" data-elementor-post-type=\"page\">\n\t\t\t\t<div class=\"elementor-element elementor-element-5fb000e e-flex e-con-boxed e-con e-parent\" data-id=\"5fb000e\" data-element_type=\"container\" data-e-type=\"container\" data-settings=\"{&quot;background_background&quot;:&quot;classic&quot;}\">\n\t\t\t\t\t<div class=\"e-con-inner\">\n\t\t\t\t<div class=\"elementor-element elementor-element-8bca254 elementor-invisible elementor-widget elementor-widget-heading\" data-id=\"8bca254\" data-element_type=\"widget\" data-e-type=\"widget\" data-settings=\"{&quot;_animation&quot;:&quot;fadeInUp&quot;}\" data-widget_type=\"heading.default\">\n\t\t\t\t\t<h1 class=\"elementor-heading-title elementor-size-default\">R\u00e8glements <br \/>officiels<\/h1>\t\t\t\t<\/div>\n\t\t\t\t<div class=\"elementor-element elementor-element-7ad1ad5 elementor-invisible elementor-widget elementor-widget-heading\" data-id=\"7ad1ad5\" data-element_type=\"widget\" data-e-type=\"widget\" data-settings=\"{&quot;_animation&quot;:&quot;fadeInUp&quot;}\" data-widget_type=\"heading.default\">\n\t\t\t\t\t<h6 class=\"elementor-heading-title elementor-size-default\">Concours \u00ab\u202f<b>La nature en t\u00eate<\/b>\u202f\u00bb<\/h6>\t\t\t\t<\/div>\n\t\t\t\t<div class=\"elementor-element elementor-element-94afcec elementor-widget-divider--view-line elementor-invisible elementor-widget elementor-widget-divider\" data-id=\"94afcec\" data-element_type=\"widget\" data-e-type=\"widget\" data-settings=\"{&quot;_animation&quot;:&quot;fadeInUp&quot;}\" data-widget_type=\"divider.default\">\n\t\t\t\t\t\t\t<div class=\"elementor-divider\">\n\t\t\t<span class=\"elementor-divider-separator\">\n\t\t\t\t\t\t<\/span>\n\t\t<\/div>\n\t\t\t\t\t\t<\/div>\n\t\t\t\t<div class=\"elementor-element elementor-element-927652f elementor-invisible elementor-widget elementor-widget-n-accordion\" data-id=\"927652f\" data-element_type=\"widget\" data-e-type=\"widget\" data-settings=\"{&quot;default_state&quot;:&quot;all_collapsed&quot;,&quot;_animation&quot;:&quot;fadeInUp&quot;,&quot;max_items_expended&quot;:&quot;one&quot;,&quot;n_accordion_animation_duration&quot;:{&quot;unit&quot;:&quot;ms&quot;,&quot;size&quot;:400,&quot;sizes&quot;:[]}}\" data-widget_type=\"nested-accordion.default\">\n\t\t\t\t\t\t\t<div class=\"e-n-accordion\" aria-label=\"Accordion. Open links with Enter or Space, close with Escape, and navigate with Arrow Keys\">\n\t\t\t\t\t\t<details id=\"e-n-accordion-item-1530\" class=\"e-n-accordion-item\" >\n\t\t\t\t<summary class=\"e-n-accordion-item-title\" data-accordion-index=\"1\" tabindex=\"0\" aria-expanded=\"false\" aria-controls=\"e-n-accordion-item-1530\" >\n\t\t\t\t\t<span class='e-n-accordion-item-title-header'><div class=\"e-n-accordion-item-title-text\"> Admissibilit\u00e9 <\/div><\/span>\n\t\t\t\t\t\t\t<span class='e-n-accordion-item-title-icon'>\n\t\t\t<span class='e-opened' ><svg xmlns=\"http:\/\/www.w3.org\/2000\/svg\" width=\"27\" height=\"27\" viewBox=\"0 0 27 27\"><g transform=\"translate(1.5 1.5)\"><path d=\"M18,33a1.5,1.5,0,0,1-1.5-1.5V7.5a1.5,1.5,0,0,1,3,0v24A1.5,1.5,0,0,1,18,33Z\" transform=\"translate(-6 -7.5)\"><\/path><path d=\"M31.5,19.5H7.5a1.5,1.5,0,0,1,0-3h24a1.5,1.5,0,0,1,0,3Z\" transform=\"translate(-7.5 -6)\"><\/path><\/g><\/svg><\/span>\n\t\t\t<span class='e-closed'><svg xmlns=\"http:\/\/www.w3.org\/2000\/svg\" width=\"27\" height=\"27\" viewBox=\"0 0 27 27\"><g transform=\"translate(1.5 1.5)\"><path d=\"M18,33a1.5,1.5,0,0,1-1.5-1.5V7.5a1.5,1.5,0,0,1,3,0v24A1.5,1.5,0,0,1,18,33Z\" transform=\"translate(-6 -7.5)\"><\/path><path d=\"M31.5,19.5H7.5a1.5,1.5,0,0,1,0-3h24a1.5,1.5,0,0,1,0,3Z\" transform=\"translate(-7.5 -6)\"><\/path><\/g><\/svg><\/span>\n\t\t<\/span>\n\n\t\t\t\t\t\t<\/summary>\n\t\t\t\t<div role=\"region\" aria-labelledby=\"e-n-accordion-item-1530\" class=\"elementor-element elementor-element-ec31f3d e-con-full e-flex e-con e-child\" data-id=\"ec31f3d\" data-element_type=\"container\" data-e-type=\"container\">\n\t\t\t\t<div class=\"elementor-element elementor-element-948707d elementor-widget elementor-widget-text-editor\" data-id=\"948707d\" data-element_type=\"widget\" data-e-type=\"widget\" data-widget_type=\"text-editor.default\">\n\t\t\t\t\t\t\t\t\t<p><strong>Volet individuel : <\/strong>Le concours \u00ab\u202f<strong>La nature en t\u00eate\u202f<\/strong>\u00bb est pour tous les r\u00e9sidents et toutes les r\u00e9sidentes de la Mont\u00e9r\u00e9gie ayant 18 ans et plus.<\/p><p><strong>Volet en \u00e9quipe :<\/strong> Le concours La nature en t\u00eate s\u2019adresse \u00e0 tous les milieux de travail de la Mont\u00e9r\u00e9gie qui veulent faire b\u00e9n\u00e9ficier \u00e0 ses employ\u00e9s des bienfaits de la nature sur leur sant\u00e9 mentale. Veuillez valider l\u2019accord de votre direction avant de participer au concours.<\/p><p>Les employ\u00e9s de Loisir et Sport Mont\u00e9r\u00e9gie ainsi que les personnes vivant sous le m\u00eame toit qu\u2019eux ne sont pas autoris\u00e9s \u00e0 participer au concours.<\/p>\t\t\t\t\t\t\t\t<\/div>\n\t\t\t\t<\/div>\n\t\t\t\t\t<\/details>\n\t\t\t\t\t\t<details id=\"e-n-accordion-item-1531\" class=\"e-n-accordion-item\" >\n\t\t\t\t<summary class=\"e-n-accordion-item-title\" data-accordion-index=\"2\" tabindex=\"-1\" aria-expanded=\"false\" aria-controls=\"e-n-accordion-item-1531\" >\n\t\t\t\t\t<span class='e-n-accordion-item-title-header'><div class=\"e-n-accordion-item-title-text\"> Mode de participation <\/div><\/span>\n\t\t\t\t\t\t\t<span class='e-n-accordion-item-title-icon'>\n\t\t\t<span class='e-opened' ><svg xmlns=\"http:\/\/www.w3.org\/2000\/svg\" width=\"27\" height=\"27\" viewBox=\"0 0 27 27\"><g transform=\"translate(1.5 1.5)\"><path d=\"M18,33a1.5,1.5,0,0,1-1.5-1.5V7.5a1.5,1.5,0,0,1,3,0v24A1.5,1.5,0,0,1,18,33Z\" transform=\"translate(-6 -7.5)\"><\/path><path d=\"M31.5,19.5H7.5a1.5,1.5,0,0,1,0-3h24a1.5,1.5,0,0,1,0,3Z\" transform=\"translate(-7.5 -6)\"><\/path><\/g><\/svg><\/span>\n\t\t\t<span class='e-closed'><svg xmlns=\"http:\/\/www.w3.org\/2000\/svg\" width=\"27\" height=\"27\" viewBox=\"0 0 27 27\"><g transform=\"translate(1.5 1.5)\"><path d=\"M18,33a1.5,1.5,0,0,1-1.5-1.5V7.5a1.5,1.5,0,0,1,3,0v24A1.5,1.5,0,0,1,18,33Z\" transform=\"translate(-6 -7.5)\"><\/path><path d=\"M31.5,19.5H7.5a1.5,1.5,0,0,1,0-3h24a1.5,1.5,0,0,1,0,3Z\" transform=\"translate(-7.5 -6)\"><\/path><\/g><\/svg><\/span>\n\t\t<\/span>\n\n\t\t\t\t\t\t<\/summary>\n\t\t\t\t<div role=\"region\" aria-labelledby=\"e-n-accordion-item-1531\" class=\"elementor-element elementor-element-5f5a424 e-con-full e-flex e-con e-child\" data-id=\"5f5a424\" data-element_type=\"container\" data-e-type=\"container\">\n\t\t\t\t<div class=\"elementor-element elementor-element-55d8a33 elementor-widget elementor-widget-text-editor\" data-id=\"55d8a33\" data-element_type=\"widget\" data-e-type=\"widget\" data-widget_type=\"text-editor.default\">\n\t\t\t\t\t\t\t\t\t<p>Pour participer :<\/p><ol><li>Profiter d\u2019une activit\u00e9 en nature (ex.\u202f: marche, lecture, v\u00e9lo, yoga, contemplation, kayak, et plus encore).<\/li><li><span style=\"font-weight: 400;\">Prendre un moment pour identifier les bienfaits de la nature sur votre sant\u00e9 mentale.<\/span><\/li><li>Prendre une photo de votre activit\u00e9 en nature qui a \u00e9t\u00e9 r\u00e9alis\u00e9e en Mont\u00e9r\u00e9gie.<\/li><li>S\u2019inscrire en ligne en remplissant le formulaire de participation <span style=\"text-decoration: underline;\"><a href=\"https:\/\/plaisirspleinair.ca\/lanatureentete\/concours\/formulaire-de-participation\/\">disponible ici<\/a><\/span>, <span style=\"font-weight: 400;\">et t\u00e9l\u00e9verser<\/span> la photo.<\/li><\/ol><p><span style=\"font-weight: 400;\">Chaque participant doit indiquer son nom, son courriel, sa ville ou sa municipalit\u00e9, le lieu o\u00f9 la photo a \u00e9t\u00e9 prise, ainsi que compl\u00e9ter la<\/span>\u00a0<span style=\"font-weight: 400;\">phrase<\/span><span style=\"font-weight: 400;\"> \u00ab Pour moi, dehors tout est plus\u2026 \u00bb<\/span>. <span style=\"font-weight: 400;\">Une seule participation par saison est permise.<\/span><\/p>\t\t\t\t\t\t\t\t<\/div>\n\t\t\t\t<\/div>\n\t\t\t\t\t<\/details>\n\t\t\t\t\t\t<details id=\"e-n-accordion-item-1532\" class=\"e-n-accordion-item\" >\n\t\t\t\t<summary class=\"e-n-accordion-item-title\" data-accordion-index=\"3\" tabindex=\"-1\" aria-expanded=\"false\" aria-controls=\"e-n-accordion-item-1532\" >\n\t\t\t\t\t<span class='e-n-accordion-item-title-header'><div class=\"e-n-accordion-item-title-text\"> Date des concours et des tirages <\/div><\/span>\n\t\t\t\t\t\t\t<span class='e-n-accordion-item-title-icon'>\n\t\t\t<span class='e-opened' ><svg xmlns=\"http:\/\/www.w3.org\/2000\/svg\" width=\"27\" height=\"27\" viewBox=\"0 0 27 27\"><g transform=\"translate(1.5 1.5)\"><path d=\"M18,33a1.5,1.5,0,0,1-1.5-1.5V7.5a1.5,1.5,0,0,1,3,0v24A1.5,1.5,0,0,1,18,33Z\" transform=\"translate(-6 -7.5)\"><\/path><path d=\"M31.5,19.5H7.5a1.5,1.5,0,0,1,0-3h24a1.5,1.5,0,0,1,0,3Z\" transform=\"translate(-7.5 -6)\"><\/path><\/g><\/svg><\/span>\n\t\t\t<span class='e-closed'><svg xmlns=\"http:\/\/www.w3.org\/2000\/svg\" width=\"27\" height=\"27\" viewBox=\"0 0 27 27\"><g transform=\"translate(1.5 1.5)\"><path d=\"M18,33a1.5,1.5,0,0,1-1.5-1.5V7.5a1.5,1.5,0,0,1,3,0v24A1.5,1.5,0,0,1,18,33Z\" transform=\"translate(-6 -7.5)\"><\/path><path d=\"M31.5,19.5H7.5a1.5,1.5,0,0,1,0-3h24a1.5,1.5,0,0,1,0,3Z\" transform=\"translate(-7.5 -6)\"><\/path><\/g><\/svg><\/span>\n\t\t<\/span>\n\n\t\t\t\t\t\t<\/summary>\n\t\t\t\t<div role=\"region\" aria-labelledby=\"e-n-accordion-item-1532\" class=\"elementor-element elementor-element-670030d e-flex e-con-boxed e-con e-child\" data-id=\"670030d\" data-element_type=\"container\" data-e-type=\"container\">\n\t\t\t\t\t<div class=\"e-con-inner\">\n\t\t\t\t<div class=\"elementor-element elementor-element-f6b37f8 elementor-widget elementor-widget-text-editor\" data-id=\"f6b37f8\" data-element_type=\"widget\" data-e-type=\"widget\" data-widget_type=\"text-editor.default\">\n\t\t\t\t\t\t\t\t\t<p><strong>Concours d\u2019automne <\/strong>du 21 septembre 2025 00h01 au 21 d\u00e9cembre 2025 00h00.<br \/><span style=\"font-size: inherit; font-family: -apple-system, system-ui, BlinkMacSystemFont, 'Segoe UI', Helvetica, Arial, sans-serif, 'Apple Color Emoji', 'Segoe UI Emoji', 'Segoe UI Symbol';\">Tirage le 9 janvier 2026<\/span><\/p><p><strong>Concours d\u2019hiver<\/strong> du 21 d\u00e9cembre 2025 00h01 au 21 mars 2026 00h00.<br \/>Tirage le 31 mars 2026<\/p><p><strong>Concours d\u2019automne <\/strong>du 21 mars 2026 00h01 au 21 juin 2026 00h00.<br \/>Tirage le 29 juin 2026<\/p><p><strong>Concours d\u2019\u00e9t\u00e9 <\/strong>du 21 juin 2026 00h01 au 21 septembre 2026 00h00.<br \/>Tirage le 29 septembre 2026<\/p>\t\t\t\t\t\t\t\t<\/div>\n\t\t\t\t\t<\/div>\n\t\t\t\t<\/div>\n\t\t\t\t\t<\/details>\n\t\t\t\t\t\t<details id=\"e-n-accordion-item-1533\" class=\"e-n-accordion-item\" >\n\t\t\t\t<summary class=\"e-n-accordion-item-title\" data-accordion-index=\"4\" tabindex=\"-1\" aria-expanded=\"false\" aria-controls=\"e-n-accordion-item-1533\" >\n\t\t\t\t\t<span class='e-n-accordion-item-title-header'><div class=\"e-n-accordion-item-title-text\"> Attribution des prix <\/div><\/span>\n\t\t\t\t\t\t\t<span class='e-n-accordion-item-title-icon'>\n\t\t\t<span class='e-opened' ><svg xmlns=\"http:\/\/www.w3.org\/2000\/svg\" width=\"27\" height=\"27\" viewBox=\"0 0 27 27\"><g transform=\"translate(1.5 1.5)\"><path d=\"M18,33a1.5,1.5,0,0,1-1.5-1.5V7.5a1.5,1.5,0,0,1,3,0v24A1.5,1.5,0,0,1,18,33Z\" transform=\"translate(-6 -7.5)\"><\/path><path d=\"M31.5,19.5H7.5a1.5,1.5,0,0,1,0-3h24a1.5,1.5,0,0,1,0,3Z\" transform=\"translate(-7.5 -6)\"><\/path><\/g><\/svg><\/span>\n\t\t\t<span class='e-closed'><svg xmlns=\"http:\/\/www.w3.org\/2000\/svg\" width=\"27\" height=\"27\" viewBox=\"0 0 27 27\"><g transform=\"translate(1.5 1.5)\"><path d=\"M18,33a1.5,1.5,0,0,1-1.5-1.5V7.5a1.5,1.5,0,0,1,3,0v24A1.5,1.5,0,0,1,18,33Z\" transform=\"translate(-6 -7.5)\"><\/path><path d=\"M31.5,19.5H7.5a1.5,1.5,0,0,1,0-3h24a1.5,1.5,0,0,1,0,3Z\" transform=\"translate(-7.5 -6)\"><\/path><\/g><\/svg><\/span>\n\t\t<\/span>\n\n\t\t\t\t\t\t<\/summary>\n\t\t\t\t<div role=\"region\" aria-labelledby=\"e-n-accordion-item-1533\" class=\"elementor-element elementor-element-a9f0409 e-flex e-con-boxed e-con e-child\" data-id=\"a9f0409\" data-element_type=\"container\" data-e-type=\"container\">\n\t\t\t\t\t<div class=\"e-con-inner\">\n\t\t\t\t<div class=\"elementor-element elementor-element-b74f8a3 elementor-widget elementor-widget-text-editor\" data-id=\"b74f8a3\" data-element_type=\"widget\" data-e-type=\"widget\" data-widget_type=\"text-editor.default\">\n\t\t\t\t\t\t\t\t\t<p>1. Prix saisonniers<br>Des prix seront attribu\u00e9s au hasard parmi l\u2019ensemble des participants chaque saison (automne, hiver, printemps, \u00e9t\u00e9). Les prix varieront selon la p\u00e9riode et seront annonc\u00e9s sur le site Web.<\/p>\n<p>2. Annonce des gagnants<br>Les tirages auront lieu aux dates pr\u00e9vues dans la section \u00ab Prix et gagnants \u00bb. Dans les 48 heures suivant le tirage, les gagnants seront contact\u00e9s par courriel ou par t\u00e9l\u00e9phone.<\/p>\n<p><span style=\"font-weight: 400;\">Si un gagnant ne peut <\/span><span style=\"font-weight: 400;\">pas <\/span><span style=\"font-weight: 400;\">\u00eatre joint apr\u00e8s deux tentatives sur une p\u00e9riode de 48 heures, un autre<\/span>&nbsp;<span style=\"font-weight: 400;\">gagnant sera pig\u00e9<\/span><span style=\"font-weight: 400;\"> au hasard.<\/span><\/p>\t\t\t\t\t\t\t\t<\/div>\n\t\t\t\t\t<\/div>\n\t\t\t\t<\/div>\n\t\t\t\t\t<\/details>\n\t\t\t\t\t\t<details id=\"e-n-accordion-item-1534\" class=\"e-n-accordion-item\" >\n\t\t\t\t<summary class=\"e-n-accordion-item-title\" data-accordion-index=\"5\" tabindex=\"-1\" aria-expanded=\"false\" aria-controls=\"e-n-accordion-item-1534\" >\n\t\t\t\t\t<span class='e-n-accordion-item-title-header'><div class=\"e-n-accordion-item-title-text\"> Conditions g\u00e9n\u00e9rales <\/div><\/span>\n\t\t\t\t\t\t\t<span class='e-n-accordion-item-title-icon'>\n\t\t\t<span class='e-opened' ><svg xmlns=\"http:\/\/www.w3.org\/2000\/svg\" width=\"27\" height=\"27\" viewBox=\"0 0 27 27\"><g transform=\"translate(1.5 1.5)\"><path d=\"M18,33a1.5,1.5,0,0,1-1.5-1.5V7.5a1.5,1.5,0,0,1,3,0v24A1.5,1.5,0,0,1,18,33Z\" transform=\"translate(-6 -7.5)\"><\/path><path d=\"M31.5,19.5H7.5a1.5,1.5,0,0,1,0-3h24a1.5,1.5,0,0,1,0,3Z\" transform=\"translate(-7.5 -6)\"><\/path><\/g><\/svg><\/span>\n\t\t\t<span class='e-closed'><svg xmlns=\"http:\/\/www.w3.org\/2000\/svg\" width=\"27\" height=\"27\" viewBox=\"0 0 27 27\"><g transform=\"translate(1.5 1.5)\"><path d=\"M18,33a1.5,1.5,0,0,1-1.5-1.5V7.5a1.5,1.5,0,0,1,3,0v24A1.5,1.5,0,0,1,18,33Z\" transform=\"translate(-6 -7.5)\"><\/path><path d=\"M31.5,19.5H7.5a1.5,1.5,0,0,1,0-3h24a1.5,1.5,0,0,1,0,3Z\" transform=\"translate(-7.5 -6)\"><\/path><\/g><\/svg><\/span>\n\t\t<\/span>\n\n\t\t\t\t\t\t<\/summary>\n\t\t\t\t<div role=\"region\" aria-labelledby=\"e-n-accordion-item-1534\" class=\"elementor-element elementor-element-be2fe45 e-flex e-con-boxed e-con e-child\" data-id=\"be2fe45\" data-element_type=\"container\" data-e-type=\"container\">\n\t\t\t\t\t<div class=\"e-con-inner\">\n\t\t\t\t<div class=\"elementor-element elementor-element-687fb84 elementor-widget elementor-widget-text-editor\" data-id=\"687fb84\" data-element_type=\"widget\" data-e-type=\"widget\" data-widget_type=\"text-editor.default\">\n\t\t\t\t\t\t\t\t\t<p>En participant au concours, les personnes acceptent les conditions suivantes :<\/p>\t\t\t\t\t\t\t\t<\/div>\n\t\t\t\t<div class=\"elementor-element elementor-element-3a52df1 elementor-widget elementor-widget-text-editor\" data-id=\"3a52df1\" data-element_type=\"widget\" data-e-type=\"widget\" data-widget_type=\"text-editor.default\">\n\t\t\t\t\t\t\t\t\t<ul><li><span style=\"font-weight: 400;\">La photo soumise pourrait \u00eatre <\/span>utilis\u00e9e \u00e0 des fins promotionnelles et diffus\u00e9e sur les plateformes de communication de la campagne \u00ab La nature en t\u00eate \u00bb.<\/li><li>Le prix doit \u00eatre accept\u00e9 tel qu\u2019il est d\u00e9crit et ne peut \u00eatre transf\u00e9r\u00e9, substitu\u00e9 ou \u00e9chang\u00e9 en tout ou en partie.<\/li><li>Dans l\u2019\u00e9ventualit\u00e9 o\u00f9 un prix ne pourrait \u00eatre attribu\u00e9 comme annonc\u00e9, les organisateurs se r\u00e9servent le droit d\u2019offrir un prix de valeur \u00e9quivalente.<\/li><li><span style=\"font-weight: 400;\">Avoir des <\/span>droits n\u00e9cessaires sur la photo d\u00e9pos\u00e9e (ou l\u2019autorisation des personnes qui y apparaissent).<\/li><\/ul><p>Un diff\u00e9rend quant \u00e0 l\u2019organisation ou \u00e0 la conduite d\u2019un concours publicitaire peut \u00eatre soumis \u00e0 la R\u00e9gie des alcools, des courses et des jeux afin qu\u2019il soit tranch\u00e9. Un diff\u00e9rend quant \u00e0 l\u2019attribution d\u2019un prix peut \u00eatre soumis \u00e0 la R\u00e9gie uniquement aux fins d\u2019une intervention pour tenter de le r\u00e9gler.<\/p>\t\t\t\t\t\t\t\t<\/div>\n\t\t\t\t\t<\/div>\n\t\t\t\t<\/div>\n\t\t\t\t\t<\/details>\n\t\t\t\t\t\t<details id=\"e-n-accordion-item-1535\" class=\"e-n-accordion-item\" >\n\t\t\t\t<summary class=\"e-n-accordion-item-title\" data-accordion-index=\"6\" tabindex=\"-1\" aria-expanded=\"false\" aria-controls=\"e-n-accordion-item-1535\" >\n\t\t\t\t\t<span class='e-n-accordion-item-title-header'><div class=\"e-n-accordion-item-title-text\"> Organisateurs <\/div><\/span>\n\t\t\t\t\t\t\t<span class='e-n-accordion-item-title-icon'>\n\t\t\t<span class='e-opened' ><svg xmlns=\"http:\/\/www.w3.org\/2000\/svg\" width=\"27\" height=\"27\" viewBox=\"0 0 27 27\"><g transform=\"translate(1.5 1.5)\"><path d=\"M18,33a1.5,1.5,0,0,1-1.5-1.5V7.5a1.5,1.5,0,0,1,3,0v24A1.5,1.5,0,0,1,18,33Z\" transform=\"translate(-6 -7.5)\"><\/path><path d=\"M31.5,19.5H7.5a1.5,1.5,0,0,1,0-3h24a1.5,1.5,0,0,1,0,3Z\" transform=\"translate(-7.5 -6)\"><\/path><\/g><\/svg><\/span>\n\t\t\t<span class='e-closed'><svg xmlns=\"http:\/\/www.w3.org\/2000\/svg\" width=\"27\" height=\"27\" viewBox=\"0 0 27 27\"><g transform=\"translate(1.5 1.5)\"><path d=\"M18,33a1.5,1.5,0,0,1-1.5-1.5V7.5a1.5,1.5,0,0,1,3,0v24A1.5,1.5,0,0,1,18,33Z\" transform=\"translate(-6 -7.5)\"><\/path><path d=\"M31.5,19.5H7.5a1.5,1.5,0,0,1,0-3h24a1.5,1.5,0,0,1,0,3Z\" transform=\"translate(-7.5 -6)\"><\/path><\/g><\/svg><\/span>\n\t\t<\/span>\n\n\t\t\t\t\t\t<\/summary>\n\t\t\t\t<div role=\"region\" aria-labelledby=\"e-n-accordion-item-1535\" class=\"elementor-element elementor-element-54dbef0 e-flex e-con-boxed e-con e-child\" data-id=\"54dbef0\" data-element_type=\"container\" data-e-type=\"container\">\n\t\t\t\t\t<div class=\"e-con-inner\">\n\t\t\t\t<div class=\"elementor-element elementor-element-da646bc elementor-widget elementor-widget-text-editor\" data-id=\"da646bc\" data-element_type=\"widget\" data-e-type=\"widget\" data-widget_type=\"text-editor.default\">\n\t\t\t\t\t\t\t\t\t<p>Le concours \u00ab\u202f<strong>La nature en t\u00eate<\/strong>\u00bb est organis\u00e9 par Loisir et Sport Mont\u00e9r\u00e9gie.<\/p>\t\t\t\t\t\t\t\t<\/div>\n\t\t\t\t\t<\/div>\n\t\t\t\t<\/div>\n\t\t\t\t\t<\/details>\n\t\t\t\t\t<\/div>\n\t\t\t\t\t\t<\/div>\n\t\t\t\t\t<\/div>\n\t\t\t\t<\/div>\n\t\t\t\t<\/div>\n\t\t","protected":false},"excerpt":{"rendered":"<p>R\u00e8glements officiels Concours \u00ab\u202fLa nature en t\u00eate\u202f\u00bb Admissibilit\u00e9 Volet individuel : Le concours \u00ab\u202fLa nature en t\u00eate\u202f\u00bb est pour tous les r\u00e9sidents et toutes les r\u00e9sidentes de la Mont\u00e9r\u00e9gie ayant 18 ans et plus. Volet en \u00e9quipe : Le concours La nature en t\u00eate s\u2019adresse \u00e0 tous les milieux de travail de la Mont\u00e9r\u00e9gie qui &#8230; <a title=\"R\u00e8glements du concours\" class=\"read-more\" href=\"https:\/\/plaisirspleinair.ca\/lanatureentete\/concours\/reglements-du-concours\/\" aria-label=\"En savoir plus sur R\u00e8glements du concours\">Lire la suite<\/a><\/p>\n","protected":false},"author":1,"featured_media":0,"parent":27,"menu_order":0,"comment_status":"closed","ping_status":"closed","template":"","meta":{"_acf_changed":false,"_seopress_robots_primary_cat":"","_seopress_titles_title":"R\u00e8glements du concours | La nature en t\u00eate","_seopress_titles_desc":"Consultez les r\u00e8glements officiels du concours \u00ab La nature en t\u00eate \u00bb pour conna\u00eetre les conditions de participation.","_seopress_robots_index":"","inline_featured_image":false,"footnotes":""},"class_list":["post-33","page","type-page","status-publish"],"acf":[],"_links":{"self":[{"href":"https:\/\/plaisirspleinair.ca\/lanatureentete\/wp-json\/wp\/v2\/pages\/33","targetHints":{"allow":["GET"]}}],"collection":[{"href":"https:\/\/plaisirspleinair.ca\/lanatureentete\/wp-json\/wp\/v2\/pages"}],"about":[{"href":"https:\/\/plaisirspleinair.ca\/lanatureentete\/wp-json\/wp\/v2\/types\/page"}],"author":[{"embeddable":true,"href":"https:\/\/plaisirspleinair.ca\/lanatureentete\/wp-json\/wp\/v2\/users\/1"}],"replies":[{"embeddable":true,"href":"https:\/\/plaisirspleinair.ca\/lanatureentete\/wp-json\/wp\/v2\/comments?post=33"}],"version-history":[{"count":192,"href":"https:\/\/plaisirspleinair.ca\/lanatureentete\/wp-json\/wp\/v2\/pages\/33\/revisions"}],"predecessor-version":[{"id":2011,"href":"https:\/\/plaisirspleinair.ca\/lanatureentete\/wp-json\/wp\/v2\/pages\/33\/revisions\/2011"}],"up":[{"embeddable":true,"href":"https:\/\/plaisirspleinair.ca\/lanatureentete\/wp-json\/wp\/v2\/pages\/27"}],"wp:attachment":[{"href":"https:\/\/plaisirspleinair.ca\/lanatureentete\/wp-json\/wp\/v2\/media?parent=33"}],"curies":[{"name":"wp","href":"https:\/\/api.w.org\/{rel}","templated":true}]}}