{"id":37,"date":"2025-09-22T13:40:33","date_gmt":"2025-09-22T17:40:33","guid":{"rendered":"https:\/\/plaisirspleinair.ca\/lanatureentete\/?page_id=37"},"modified":"2025-10-09T16:51:09","modified_gmt":"2025-10-09T20:51:09","slug":"faq","status":"publish","type":"page","link":"https:\/\/plaisirspleinair.ca\/lanatureentete\/faq\/","title":{"rendered":"FAQ"},"content":{"rendered":"\t\t<div data-elementor-type=\"wp-page\" data-elementor-id=\"37\" class=\"elementor elementor-37\" data-elementor-post-type=\"page\">\n\t\t\t\t<div class=\"elementor-element elementor-element-25c980d e-flex e-con-boxed e-con e-parent\" data-id=\"25c980d\" data-element_type=\"container\" data-e-type=\"container\" data-settings=\"{&quot;background_background&quot;:&quot;classic&quot;}\">\n\t\t\t\t\t<div class=\"e-con-inner\">\n\t\t\t\t<div class=\"elementor-element elementor-element-d511564 elementor-invisible elementor-widget elementor-widget-heading\" data-id=\"d511564\" data-element_type=\"widget\" data-e-type=\"widget\" data-settings=\"{&quot;_animation&quot;:&quot;fadeInUp&quot;}\" data-widget_type=\"heading.default\">\n\t\t\t\t\t<h1 class=\"elementor-heading-title elementor-size-default\">Foire <br \/>aux questions<\/h1>\t\t\t\t<\/div>\n\t\t\t\t<div class=\"elementor-element elementor-element-dded5e5 elementor-invisible elementor-widget elementor-widget-heading\" data-id=\"dded5e5\" data-element_type=\"widget\" data-e-type=\"widget\" data-settings=\"{&quot;_animation&quot;:&quot;fadeInUp&quot;}\" data-widget_type=\"heading.default\">\n\t\t\t\t\t<h6 class=\"elementor-heading-title elementor-size-default\">Campagne \u00ab\u202f<b>La nature en t\u00eate<\/b>\u202f\u00bb<\/h6>\t\t\t\t<\/div>\n\t\t\t\t<div class=\"elementor-element elementor-element-5f219aa elementor-widget-divider--view-line elementor-invisible elementor-widget elementor-widget-divider\" data-id=\"5f219aa\" data-element_type=\"widget\" data-e-type=\"widget\" data-settings=\"{&quot;_animation&quot;:&quot;fadeInUp&quot;}\" data-widget_type=\"divider.default\">\n\t\t\t\t\t\t\t<div class=\"elementor-divider\">\n\t\t\t<span class=\"elementor-divider-separator\">\n\t\t\t\t\t\t<\/span>\n\t\t<\/div>\n\t\t\t\t\t\t<\/div>\n\t\t\t\t<div class=\"elementor-element elementor-element-916e1ba elementor-invisible elementor-widget elementor-widget-n-accordion\" data-id=\"916e1ba\" data-element_type=\"widget\" data-e-type=\"widget\" data-settings=\"{&quot;default_state&quot;:&quot;all_collapsed&quot;,&quot;_animation&quot;:&quot;fadeInUp&quot;,&quot;max_items_expended&quot;:&quot;one&quot;,&quot;n_accordion_animation_duration&quot;:{&quot;unit&quot;:&quot;ms&quot;,&quot;size&quot;:400,&quot;sizes&quot;:[]}}\" data-widget_type=\"nested-accordion.default\">\n\t\t\t\t\t\t\t<div class=\"e-n-accordion\" aria-label=\"Accordion. Open links with Enter or Space, close with Escape, and navigate with Arrow Keys\">\n\t\t\t\t\t\t<details id=\"e-n-accordion-item-1520\" class=\"e-n-accordion-item\" >\n\t\t\t\t<summary class=\"e-n-accordion-item-title\" data-accordion-index=\"1\" tabindex=\"0\" aria-expanded=\"false\" aria-controls=\"e-n-accordion-item-1520\" >\n\t\t\t\t\t<span class='e-n-accordion-item-title-header'><div class=\"e-n-accordion-item-title-text\"> Qui peut participer au concours? <\/div><\/span>\n\t\t\t\t\t\t\t<span class='e-n-accordion-item-title-icon'>\n\t\t\t<span class='e-opened' ><svg xmlns=\"http:\/\/www.w3.org\/2000\/svg\" width=\"27\" height=\"27\" viewBox=\"0 0 27 27\"><g transform=\"translate(1.5 1.5)\"><path d=\"M18,33a1.5,1.5,0,0,1-1.5-1.5V7.5a1.5,1.5,0,0,1,3,0v24A1.5,1.5,0,0,1,18,33Z\" transform=\"translate(-6 -7.5)\"><\/path><path d=\"M31.5,19.5H7.5a1.5,1.5,0,0,1,0-3h24a1.5,1.5,0,0,1,0,3Z\" transform=\"translate(-7.5 -6)\"><\/path><\/g><\/svg><\/span>\n\t\t\t<span class='e-closed'><svg xmlns=\"http:\/\/www.w3.org\/2000\/svg\" width=\"27\" height=\"27\" viewBox=\"0 0 27 27\"><g transform=\"translate(1.5 1.5)\"><path d=\"M18,33a1.5,1.5,0,0,1-1.5-1.5V7.5a1.5,1.5,0,0,1,3,0v24A1.5,1.5,0,0,1,18,33Z\" transform=\"translate(-6 -7.5)\"><\/path><path d=\"M31.5,19.5H7.5a1.5,1.5,0,0,1,0-3h24a1.5,1.5,0,0,1,0,3Z\" transform=\"translate(-7.5 -6)\"><\/path><\/g><\/svg><\/span>\n\t\t<\/span>\n\n\t\t\t\t\t\t<\/summary>\n\t\t\t\t<div role=\"region\" aria-labelledby=\"e-n-accordion-item-1520\" class=\"elementor-element elementor-element-92f9b79 e-con-full e-flex e-con e-child\" data-id=\"92f9b79\" data-element_type=\"container\" data-e-type=\"container\">\n\t\t\t\t<div class=\"elementor-element elementor-element-087ab81 elementor-widget elementor-widget-text-editor\" data-id=\"087ab81\" data-element_type=\"widget\" data-e-type=\"widget\" data-widget_type=\"text-editor.default\">\n\t\t\t\t\t\t\t\t\t<p>Le concours est ouvert \u00e0 tous les r\u00e9sidents et toutes les r\u00e9sidentes de la Mont\u00e9r\u00e9gie de 18 ans et plus.<\/p>\t\t\t\t\t\t\t\t<\/div>\n\t\t\t\t<\/div>\n\t\t\t\t\t<\/details>\n\t\t\t\t\t\t<details id=\"e-n-accordion-item-1521\" class=\"e-n-accordion-item\" >\n\t\t\t\t<summary class=\"e-n-accordion-item-title\" data-accordion-index=\"2\" tabindex=\"-1\" aria-expanded=\"false\" aria-controls=\"e-n-accordion-item-1521\" >\n\t\t\t\t\t<span class='e-n-accordion-item-title-header'><div class=\"e-n-accordion-item-title-text\"> Quels types de photos sont accept\u00e9s pour le concours? <\/div><\/span>\n\t\t\t\t\t\t\t<span class='e-n-accordion-item-title-icon'>\n\t\t\t<span class='e-opened' ><svg xmlns=\"http:\/\/www.w3.org\/2000\/svg\" width=\"27\" height=\"27\" viewBox=\"0 0 27 27\"><g transform=\"translate(1.5 1.5)\"><path d=\"M18,33a1.5,1.5,0,0,1-1.5-1.5V7.5a1.5,1.5,0,0,1,3,0v24A1.5,1.5,0,0,1,18,33Z\" transform=\"translate(-6 -7.5)\"><\/path><path d=\"M31.5,19.5H7.5a1.5,1.5,0,0,1,0-3h24a1.5,1.5,0,0,1,0,3Z\" transform=\"translate(-7.5 -6)\"><\/path><\/g><\/svg><\/span>\n\t\t\t<span class='e-closed'><svg xmlns=\"http:\/\/www.w3.org\/2000\/svg\" width=\"27\" height=\"27\" viewBox=\"0 0 27 27\"><g transform=\"translate(1.5 1.5)\"><path d=\"M18,33a1.5,1.5,0,0,1-1.5-1.5V7.5a1.5,1.5,0,0,1,3,0v24A1.5,1.5,0,0,1,18,33Z\" transform=\"translate(-6 -7.5)\"><\/path><path d=\"M31.5,19.5H7.5a1.5,1.5,0,0,1,0-3h24a1.5,1.5,0,0,1,0,3Z\" transform=\"translate(-7.5 -6)\"><\/path><\/g><\/svg><\/span>\n\t\t<\/span>\n\n\t\t\t\t\t\t<\/summary>\n\t\t\t\t<div role=\"region\" aria-labelledby=\"e-n-accordion-item-1521\" class=\"elementor-element elementor-element-178c808 e-flex e-con-boxed e-con e-child\" data-id=\"178c808\" data-element_type=\"container\" data-e-type=\"container\">\n\t\t\t\t\t<div class=\"e-con-inner\">\n\t\t\t\t<div class=\"elementor-element elementor-element-edc8ccf elementor-widget elementor-widget-text-editor\" data-id=\"edc8ccf\" data-element_type=\"widget\" data-e-type=\"widget\" data-widget_type=\"text-editor.default\">\n\t\t\t\t\t\t\t\t\t<p>Toute photo qui illustre un moment en nature : marche, lecture, v\u00e9lo, contemplation, yoga, kayak et plus encore. L\u2019important, c\u2019est de montrer un instant simple et vrai pass\u00e9 dehors.<\/p>\t\t\t\t\t\t\t\t<\/div>\n\t\t\t\t\t<\/div>\n\t\t\t\t<\/div>\n\t\t\t\t\t<\/details>\n\t\t\t\t\t\t<details id=\"e-n-accordion-item-1522\" class=\"e-n-accordion-item\" >\n\t\t\t\t<summary class=\"e-n-accordion-item-title\" data-accordion-index=\"3\" tabindex=\"-1\" aria-expanded=\"false\" aria-controls=\"e-n-accordion-item-1522\" >\n\t\t\t\t\t<span class='e-n-accordion-item-title-header'><div class=\"e-n-accordion-item-title-text\"> Quels sont les prix \u00e0 gagner pour le concours? <\/div><\/span>\n\t\t\t\t\t\t\t<span class='e-n-accordion-item-title-icon'>\n\t\t\t<span class='e-opened' ><svg xmlns=\"http:\/\/www.w3.org\/2000\/svg\" width=\"27\" height=\"27\" viewBox=\"0 0 27 27\"><g transform=\"translate(1.5 1.5)\"><path d=\"M18,33a1.5,1.5,0,0,1-1.5-1.5V7.5a1.5,1.5,0,0,1,3,0v24A1.5,1.5,0,0,1,18,33Z\" transform=\"translate(-6 -7.5)\"><\/path><path d=\"M31.5,19.5H7.5a1.5,1.5,0,0,1,0-3h24a1.5,1.5,0,0,1,0,3Z\" transform=\"translate(-7.5 -6)\"><\/path><\/g><\/svg><\/span>\n\t\t\t<span class='e-closed'><svg xmlns=\"http:\/\/www.w3.org\/2000\/svg\" width=\"27\" height=\"27\" viewBox=\"0 0 27 27\"><g transform=\"translate(1.5 1.5)\"><path d=\"M18,33a1.5,1.5,0,0,1-1.5-1.5V7.5a1.5,1.5,0,0,1,3,0v24A1.5,1.5,0,0,1,18,33Z\" transform=\"translate(-6 -7.5)\"><\/path><path d=\"M31.5,19.5H7.5a1.5,1.5,0,0,1,0-3h24a1.5,1.5,0,0,1,0,3Z\" transform=\"translate(-7.5 -6)\"><\/path><\/g><\/svg><\/span>\n\t\t<\/span>\n\n\t\t\t\t\t\t<\/summary>\n\t\t\t\t<div role=\"region\" aria-labelledby=\"e-n-accordion-item-1522\" class=\"elementor-element elementor-element-4cd280c e-flex e-con-boxed e-con e-child\" data-id=\"4cd280c\" data-element_type=\"container\" data-e-type=\"container\">\n\t\t\t\t\t<div class=\"e-con-inner\">\n\t\t\t\t<div class=\"elementor-element elementor-element-c6056db elementor-widget elementor-widget-text-editor\" data-id=\"c6056db\" data-element_type=\"widget\" data-e-type=\"widget\" data-widget_type=\"text-editor.default\">\n\t\t\t\t\t\t\t\t\t<p>Tout le monde gagne \u00e0 pratiquer des activit\u00e9s en nature. Le premier prix est celui du sentiment de bien-\u00eatre et d\u2019accomplissement que procure le fait d&rsquo;avoir pass\u00e9 du temps en nature. En bonus, des prix saisonniers vari\u00e9s sont offerts \u00e0 chaque p\u00e9riode de l\u2019ann\u00e9e (automne, hiver, printemps, \u00e9t\u00e9). Les d\u00e9tails sont annonc\u00e9s dans la section <a href=\"https:\/\/plaisirspleinair.ca\/lanatureentete\/concours\/\" target=\"_blank\" rel=\"noopener\"><span style=\"text-decoration: underline;\">\u00ab Prix et gagnants \u00bb<\/span>.\u00a0<\/a><\/p>\t\t\t\t\t\t\t\t<\/div>\n\t\t\t\t\t<\/div>\n\t\t\t\t<\/div>\n\t\t\t\t\t<\/details>\n\t\t\t\t\t\t<details id=\"e-n-accordion-item-1523\" class=\"e-n-accordion-item\" >\n\t\t\t\t<summary class=\"e-n-accordion-item-title\" data-accordion-index=\"4\" tabindex=\"-1\" aria-expanded=\"false\" aria-controls=\"e-n-accordion-item-1523\" >\n\t\t\t\t\t<span class='e-n-accordion-item-title-header'><div class=\"e-n-accordion-item-title-text\"> Qui organise la campagne? <\/div><\/span>\n\t\t\t\t\t\t\t<span class='e-n-accordion-item-title-icon'>\n\t\t\t<span class='e-opened' ><svg xmlns=\"http:\/\/www.w3.org\/2000\/svg\" width=\"27\" height=\"27\" viewBox=\"0 0 27 27\"><g transform=\"translate(1.5 1.5)\"><path d=\"M18,33a1.5,1.5,0,0,1-1.5-1.5V7.5a1.5,1.5,0,0,1,3,0v24A1.5,1.5,0,0,1,18,33Z\" transform=\"translate(-6 -7.5)\"><\/path><path d=\"M31.5,19.5H7.5a1.5,1.5,0,0,1,0-3h24a1.5,1.5,0,0,1,0,3Z\" transform=\"translate(-7.5 -6)\"><\/path><\/g><\/svg><\/span>\n\t\t\t<span class='e-closed'><svg xmlns=\"http:\/\/www.w3.org\/2000\/svg\" width=\"27\" height=\"27\" viewBox=\"0 0 27 27\"><g transform=\"translate(1.5 1.5)\"><path d=\"M18,33a1.5,1.5,0,0,1-1.5-1.5V7.5a1.5,1.5,0,0,1,3,0v24A1.5,1.5,0,0,1,18,33Z\" transform=\"translate(-6 -7.5)\"><\/path><path d=\"M31.5,19.5H7.5a1.5,1.5,0,0,1,0-3h24a1.5,1.5,0,0,1,0,3Z\" transform=\"translate(-7.5 -6)\"><\/path><\/g><\/svg><\/span>\n\t\t<\/span>\n\n\t\t\t\t\t\t<\/summary>\n\t\t\t\t<div role=\"region\" aria-labelledby=\"e-n-accordion-item-1523\" class=\"elementor-element elementor-element-98c8d85 e-flex e-con-boxed e-con e-child\" data-id=\"98c8d85\" data-element_type=\"container\" data-e-type=\"container\">\n\t\t\t\t\t<div class=\"e-con-inner\">\n\t\t\t\t<div class=\"elementor-element elementor-element-c0cfa6b elementor-widget elementor-widget-text-editor\" data-id=\"c0cfa6b\" data-element_type=\"widget\" data-e-type=\"widget\" data-widget_type=\"text-editor.default\">\n\t\t\t\t\t\t\t\t\t<p>La campagne \u00ab<strong> La nature en t\u00eate<\/strong> \u00bb est propuls\u00e9e par Loisir et Sport Mont\u00e9r\u00e9gie, en collaboration avec la Direction de sant\u00e9 publique de la Mont\u00e9r\u00e9gie.<\/p>\t\t\t\t\t\t\t\t<\/div>\n\t\t\t\t\t<\/div>\n\t\t\t\t<\/div>\n\t\t\t\t\t<\/details>\n\t\t\t\t\t\t<details id=\"e-n-accordion-item-1524\" class=\"e-n-accordion-item\" >\n\t\t\t\t<summary class=\"e-n-accordion-item-title\" data-accordion-index=\"5\" tabindex=\"-1\" aria-expanded=\"false\" aria-controls=\"e-n-accordion-item-1524\" >\n\t\t\t\t\t<span class='e-n-accordion-item-title-header'><div class=\"e-n-accordion-item-title-text\"> J'aimerais avoir des trucs pour profiter davantage de la nature dans mon quotidien. Qu\u2019est-ce qui pourrait m'aider? <\/div><\/span>\n\t\t\t\t\t\t\t<span class='e-n-accordion-item-title-icon'>\n\t\t\t<span class='e-opened' ><svg xmlns=\"http:\/\/www.w3.org\/2000\/svg\" width=\"27\" height=\"27\" viewBox=\"0 0 27 27\"><g transform=\"translate(1.5 1.5)\"><path d=\"M18,33a1.5,1.5,0,0,1-1.5-1.5V7.5a1.5,1.5,0,0,1,3,0v24A1.5,1.5,0,0,1,18,33Z\" transform=\"translate(-6 -7.5)\"><\/path><path d=\"M31.5,19.5H7.5a1.5,1.5,0,0,1,0-3h24a1.5,1.5,0,0,1,0,3Z\" transform=\"translate(-7.5 -6)\"><\/path><\/g><\/svg><\/span>\n\t\t\t<span class='e-closed'><svg xmlns=\"http:\/\/www.w3.org\/2000\/svg\" width=\"27\" height=\"27\" viewBox=\"0 0 27 27\"><g transform=\"translate(1.5 1.5)\"><path d=\"M18,33a1.5,1.5,0,0,1-1.5-1.5V7.5a1.5,1.5,0,0,1,3,0v24A1.5,1.5,0,0,1,18,33Z\" transform=\"translate(-6 -7.5)\"><\/path><path d=\"M31.5,19.5H7.5a1.5,1.5,0,0,1,0-3h24a1.5,1.5,0,0,1,0,3Z\" transform=\"translate(-7.5 -6)\"><\/path><\/g><\/svg><\/span>\n\t\t<\/span>\n\n\t\t\t\t\t\t<\/summary>\n\t\t\t\t<div role=\"region\" aria-labelledby=\"e-n-accordion-item-1524\" class=\"elementor-element elementor-element-3e4cd3b e-flex e-con-boxed e-con e-child\" data-id=\"3e4cd3b\" data-element_type=\"container\" data-e-type=\"container\">\n\t\t\t\t\t<div class=\"e-con-inner\">\n\t\t\t\t<div class=\"elementor-element elementor-element-be838e2 elementor-widget elementor-widget-text-editor\" data-id=\"be838e2\" data-element_type=\"widget\" data-e-type=\"widget\" data-widget_type=\"text-editor.default\">\n\t\t\t\t\t\t\t\t\t<p>Restez \u00e0 l\u2019aff\u00fbt! Des outils seront bient\u00f4t disponibles sur ce site Web. En attendant, marquez \u00e0 votre agenda des moments en nature.<\/p>\t\t\t\t\t\t\t\t<\/div>\n\t\t\t\t\t<\/div>\n\t\t\t\t<\/div>\n\t\t\t\t\t<\/details>\n\t\t\t\t\t\t<details id=\"e-n-accordion-item-1525\" class=\"e-n-accordion-item\" >\n\t\t\t\t<summary class=\"e-n-accordion-item-title\" data-accordion-index=\"6\" tabindex=\"-1\" aria-expanded=\"false\" aria-controls=\"e-n-accordion-item-1525\" >\n\t\t\t\t\t<span class='e-n-accordion-item-title-header'><div class=\"e-n-accordion-item-title-text\"> Je manque de temps pour faire des activit\u00e9s en nature. Qu\u2019est-ce qui pourrait m\u2019aider? <\/div><\/span>\n\t\t\t\t\t\t\t<span class='e-n-accordion-item-title-icon'>\n\t\t\t<span class='e-opened' ><svg xmlns=\"http:\/\/www.w3.org\/2000\/svg\" width=\"27\" height=\"27\" viewBox=\"0 0 27 27\"><g transform=\"translate(1.5 1.5)\"><path d=\"M18,33a1.5,1.5,0,0,1-1.5-1.5V7.5a1.5,1.5,0,0,1,3,0v24A1.5,1.5,0,0,1,18,33Z\" transform=\"translate(-6 -7.5)\"><\/path><path d=\"M31.5,19.5H7.5a1.5,1.5,0,0,1,0-3h24a1.5,1.5,0,0,1,0,3Z\" transform=\"translate(-7.5 -6)\"><\/path><\/g><\/svg><\/span>\n\t\t\t<span class='e-closed'><svg xmlns=\"http:\/\/www.w3.org\/2000\/svg\" width=\"27\" height=\"27\" viewBox=\"0 0 27 27\"><g transform=\"translate(1.5 1.5)\"><path d=\"M18,33a1.5,1.5,0,0,1-1.5-1.5V7.5a1.5,1.5,0,0,1,3,0v24A1.5,1.5,0,0,1,18,33Z\" transform=\"translate(-6 -7.5)\"><\/path><path d=\"M31.5,19.5H7.5a1.5,1.5,0,0,1,0-3h24a1.5,1.5,0,0,1,0,3Z\" transform=\"translate(-7.5 -6)\"><\/path><\/g><\/svg><\/span>\n\t\t<\/span>\n\n\t\t\t\t\t\t<\/summary>\n\t\t\t\t<div role=\"region\" aria-labelledby=\"e-n-accordion-item-1525\" class=\"elementor-element elementor-element-5885f76 e-flex e-con-boxed e-con e-child\" data-id=\"5885f76\" data-element_type=\"container\" data-e-type=\"container\">\n\t\t\t\t\t<div class=\"e-con-inner\">\n\t\t<div role=\"region\" aria-labelledby=\"e-n-accordion-item-1525\" class=\"elementor-element elementor-element-aadd52e e-con-full e-flex e-con e-child\" data-id=\"aadd52e\" data-element_type=\"container\" data-e-type=\"container\">\n\t\t\t\t<div class=\"elementor-element elementor-element-81d080b elementor-widget elementor-widget-text-editor\" data-id=\"81d080b\" data-element_type=\"widget\" data-e-type=\"widget\" data-widget_type=\"text-editor.default\">\n\t\t\t\t\t\t\t\t\t<p>Faire des activit\u00e9s en nature n\u2019a pas \u00e0 \u00eatre long et complexe. Le plein air de proximit\u00e9 est \u00e0 explorer! Ce sont des activit\u00e9s qu\u2019on peut faire dehors, pr\u00e8s de chez soi. C\u2019est la nature \u00e0 quelques pas de la maison. Marcher dans un parc, faire du v\u00e9lo dans le quartier ou jardiner dans sa cour ou balcon sont de bons exemples. Une p\u00e9riode de 20 minutes en nature suffit pour ressentir les bienfaits sur notre sant\u00e9 mentale.<\/p>\t\t\t\t\t\t\t\t<\/div>\n\t\t\t\t<\/div>\n\t\t\t\t\t<\/div>\n\t\t\t\t<\/div>\n\t\t\t\t\t<\/details>\n\t\t\t\t\t\t<details id=\"e-n-accordion-item-1526\" class=\"e-n-accordion-item\" >\n\t\t\t\t<summary class=\"e-n-accordion-item-title\" data-accordion-index=\"7\" tabindex=\"-1\" aria-expanded=\"false\" aria-controls=\"e-n-accordion-item-1526\" >\n\t\t\t\t\t<span class='e-n-accordion-item-title-header'><div class=\"e-n-accordion-item-title-text\"> Est-ce qu\u2019il faut d\u00e9penser de l\u2019argent pour faire des activit\u00e9s en nature? <\/div><\/span>\n\t\t\t\t\t\t\t<span class='e-n-accordion-item-title-icon'>\n\t\t\t<span class='e-opened' ><svg xmlns=\"http:\/\/www.w3.org\/2000\/svg\" width=\"27\" height=\"27\" viewBox=\"0 0 27 27\"><g transform=\"translate(1.5 1.5)\"><path d=\"M18,33a1.5,1.5,0,0,1-1.5-1.5V7.5a1.5,1.5,0,0,1,3,0v24A1.5,1.5,0,0,1,18,33Z\" transform=\"translate(-6 -7.5)\"><\/path><path d=\"M31.5,19.5H7.5a1.5,1.5,0,0,1,0-3h24a1.5,1.5,0,0,1,0,3Z\" transform=\"translate(-7.5 -6)\"><\/path><\/g><\/svg><\/span>\n\t\t\t<span class='e-closed'><svg xmlns=\"http:\/\/www.w3.org\/2000\/svg\" width=\"27\" height=\"27\" viewBox=\"0 0 27 27\"><g transform=\"translate(1.5 1.5)\"><path d=\"M18,33a1.5,1.5,0,0,1-1.5-1.5V7.5a1.5,1.5,0,0,1,3,0v24A1.5,1.5,0,0,1,18,33Z\" transform=\"translate(-6 -7.5)\"><\/path><path d=\"M31.5,19.5H7.5a1.5,1.5,0,0,1,0-3h24a1.5,1.5,0,0,1,0,3Z\" transform=\"translate(-7.5 -6)\"><\/path><\/g><\/svg><\/span>\n\t\t<\/span>\n\n\t\t\t\t\t\t<\/summary>\n\t\t\t\t<div role=\"region\" aria-labelledby=\"e-n-accordion-item-1526\" class=\"elementor-element elementor-element-11d7b1b e-flex e-con-boxed e-con e-child\" data-id=\"11d7b1b\" data-element_type=\"container\" data-e-type=\"container\">\n\t\t\t\t\t<div class=\"e-con-inner\">\n\t\t<div role=\"region\" aria-labelledby=\"e-n-accordion-item-1526\" class=\"elementor-element elementor-element-62bb78f e-con-full e-flex e-con e-child\" data-id=\"62bb78f\" data-element_type=\"container\" data-e-type=\"container\">\n\t\t\t\t<div class=\"elementor-element elementor-element-c0d46a8 elementor-widget elementor-widget-text-editor\" data-id=\"c0d46a8\" data-element_type=\"widget\" data-e-type=\"widget\" data-widget_type=\"text-editor.default\">\n\t\t\t\t\t\t\t\t\t<p>La nature est gratuite! Se d\u00e9placer loin de la maison, payer un acc\u00e8s \u00e0 un parc, louer ou acheter de l&rsquo;\u00e9quipement ne sont pas des obligations pour profiter de la nature. Se d\u00e9placer dans un parc de quartier pour lire un livre ou pour d\u00e9guster son caf\u00e9 maison sont de bons exemples.<\/p>\t\t\t\t\t\t\t\t<\/div>\n\t\t\t\t<\/div>\n\t\t\t\t\t<\/div>\n\t\t\t\t<\/div>\n\t\t\t\t\t<\/details>\n\t\t\t\t\t\t<details id=\"e-n-accordion-item-1527\" class=\"e-n-accordion-item\" >\n\t\t\t\t<summary class=\"e-n-accordion-item-title\" data-accordion-index=\"8\" tabindex=\"-1\" aria-expanded=\"false\" aria-controls=\"e-n-accordion-item-1527\" >\n\t\t\t\t\t<span class='e-n-accordion-item-title-header'><div class=\"e-n-accordion-item-title-text\"> En tant que municipalit\u00e9, organisme communautaire, milieu de travail ou d\u2019enseignement postsecondaire, j\u2019aimerais encourager les gens \u00e0 profiter de la nature au quotidien. Qu\u2019est-ce qui pourrait m\u2019aider? <\/div><\/span>\n\t\t\t\t\t\t\t<span class='e-n-accordion-item-title-icon'>\n\t\t\t<span class='e-opened' ><svg xmlns=\"http:\/\/www.w3.org\/2000\/svg\" width=\"27\" height=\"27\" viewBox=\"0 0 27 27\"><g transform=\"translate(1.5 1.5)\"><path d=\"M18,33a1.5,1.5,0,0,1-1.5-1.5V7.5a1.5,1.5,0,0,1,3,0v24A1.5,1.5,0,0,1,18,33Z\" transform=\"translate(-6 -7.5)\"><\/path><path d=\"M31.5,19.5H7.5a1.5,1.5,0,0,1,0-3h24a1.5,1.5,0,0,1,0,3Z\" transform=\"translate(-7.5 -6)\"><\/path><\/g><\/svg><\/span>\n\t\t\t<span class='e-closed'><svg xmlns=\"http:\/\/www.w3.org\/2000\/svg\" width=\"27\" height=\"27\" viewBox=\"0 0 27 27\"><g transform=\"translate(1.5 1.5)\"><path d=\"M18,33a1.5,1.5,0,0,1-1.5-1.5V7.5a1.5,1.5,0,0,1,3,0v24A1.5,1.5,0,0,1,18,33Z\" transform=\"translate(-6 -7.5)\"><\/path><path d=\"M31.5,19.5H7.5a1.5,1.5,0,0,1,0-3h24a1.5,1.5,0,0,1,0,3Z\" transform=\"translate(-7.5 -6)\"><\/path><\/g><\/svg><\/span>\n\t\t<\/span>\n\n\t\t\t\t\t\t<\/summary>\n\t\t\t\t<div role=\"region\" aria-labelledby=\"e-n-accordion-item-1527\" class=\"elementor-element elementor-element-04feaf0 e-flex e-con-boxed e-con e-child\" data-id=\"04feaf0\" data-element_type=\"container\" data-e-type=\"container\">\n\t\t\t\t\t<div class=\"e-con-inner\">\n\t\t<div role=\"region\" aria-labelledby=\"e-n-accordion-item-1527\" class=\"elementor-element elementor-element-c4a0001 e-con-full e-flex e-con e-child\" data-id=\"c4a0001\" data-element_type=\"container\" data-e-type=\"container\">\n\t\t\t\t<div class=\"elementor-element elementor-element-56dca07 elementor-widget elementor-widget-text-editor\" data-id=\"56dca07\" data-element_type=\"widget\" data-e-type=\"widget\" data-widget_type=\"text-editor.default\">\n\t\t\t\t\t\t\t\t\t<p>Consultez la page\u202f: \u00ab <a href=\"https:\/\/plaisirspleinair.ca\/lanatureentete\/mobilisez-votre-communaute\/\" target=\"_blank\" rel=\"noopener\"><span style=\"text-decoration: underline;\">Mobiliser votre communaut\u00e9<\/span><\/a> \u00bb.\u00a0<\/p>\t\t\t\t\t\t\t\t<\/div>\n\t\t\t\t<\/div>\n\t\t\t\t\t<\/div>\n\t\t\t\t<\/div>\n\t\t\t\t\t<\/details>\n\t\t\t\t\t<\/div>\n\t\t\t\t\t\t<\/div>\n\t\t\t\t\t<\/div>\n\t\t\t\t<\/div>\n\t\t\t\t<\/div>\n\t\t","protected":false},"excerpt":{"rendered":"<p>Foire aux questions Campagne \u00ab\u202fLa nature en t\u00eate\u202f\u00bb Qui peut participer au concours? Le concours est ouvert \u00e0 tous les r\u00e9sidents et toutes les r\u00e9sidentes de la Mont\u00e9r\u00e9gie de 18 ans et plus. Quels types de photos sont accept\u00e9s pour le concours? Toute photo qui illustre un moment en nature : marche, lecture, v\u00e9lo, contemplation, &#8230; <a title=\"FAQ\" class=\"read-more\" href=\"https:\/\/plaisirspleinair.ca\/lanatureentete\/faq\/\" aria-label=\"En savoir plus sur FAQ\">Lire la suite<\/a><\/p>\n","protected":false},"author":1,"featured_media":0,"parent":0,"menu_order":0,"comment_status":"closed","ping_status":"closed","template":"","meta":{"_acf_changed":false,"_seopress_robots_primary_cat":"","_seopress_titles_title":"Formulaire de participation | Concours \u00ab La nature en t\u00eate \u00bb","_seopress_titles_desc":"Remplissez le formulaire pour participer au concours \u00ab La nature en t\u00eate \u00bb. Partagez votre moment en nature et courez la chance de gagner des prix saisonniers.","_seopress_robots_index":"","inline_featured_image":false,"footnotes":""},"class_list":["post-37","page","type-page","status-publish"],"acf":[],"_links":{"self":[{"href":"https:\/\/plaisirspleinair.ca\/lanatureentete\/wp-json\/wp\/v2\/pages\/37","targetHints":{"allow":["GET"]}}],"collection":[{"href":"https:\/\/plaisirspleinair.ca\/lanatureentete\/wp-json\/wp\/v2\/pages"}],"about":[{"href":"https:\/\/plaisirspleinair.ca\/lanatureentete\/wp-json\/wp\/v2\/types\/page"}],"author":[{"embeddable":true,"href":"https:\/\/plaisirspleinair.ca\/lanatureentete\/wp-json\/wp\/v2\/users\/1"}],"replies":[{"embeddable":true,"href":"https:\/\/plaisirspleinair.ca\/lanatureentete\/wp-json\/wp\/v2\/comments?post=37"}],"version-history":[{"count":53,"href":"https:\/\/plaisirspleinair.ca\/lanatureentete\/wp-json\/wp\/v2\/pages\/37\/revisions"}],"predecessor-version":[{"id":1572,"href":"https:\/\/plaisirspleinair.ca\/lanatureentete\/wp-json\/wp\/v2\/pages\/37\/revisions\/1572"}],"wp:attachment":[{"href":"https:\/\/plaisirspleinair.ca\/lanatureentete\/wp-json\/wp\/v2\/media?parent=37"}],"curies":[{"name":"wp","href":"https:\/\/api.w.org\/{rel}","templated":true}]}}